{"id":8,"date":"2018-08-16T22:56:05","date_gmt":"2018-08-16T20:56:05","guid":{"rendered":"http:\/\/know4africa.org\/?page_id=8"},"modified":"2021-12-19T20:13:31","modified_gmt":"2021-12-19T19:13:31","slug":"a-propos-de","status":"publish","type":"page","link":"https:\/\/know4africa.org\/index.php\/a-propos-de\/","title":{"rendered":"\u00c0 propos de"},"content":{"rendered":"<p>Know For Africa (know4africa.org) est un espace de la Connaissance et du Savoir par et pour l\u2019Afrique. Comme espace humain et collaboratif, Know4Africa est une communaut\u00e9 de citoyennes et de citoyens, elle rassemble des hommes et des femmes, juniors ou s\u00e9niors, \u00e0 haut potentiel d\u2019action sur le terrain : intellectuel, technologique, financier, \u00e9conomique, innovation, \u2026<\/p>\n<p>Know4Africa vise \u00e0 collaborer \u00e0 l&#8217;\u00e9closion de la comp\u00e9tence et de l&#8217;intelligence, par l\u2019accompagnement de projets innovants, et par le transfert de connaissances et des savoir-faire.<\/p>\n<p>Know4Africa, une communaut\u00e9 humaine et stimulante, se r\u00e9unit environ une fois par mois, autour d\u2019une th\u00e9matique pour l\u2019incuber, puis partager autour d\u2019un caf\u00e9, au rythme des contributeurs, des id\u00e9es et des savoirs.<\/p>\n\n\n<p><\/p>\n","protected":false},"excerpt":{"rendered":"<p>Know For Africa (know4africa.org) est un espace de la Connaissance et du Savoir par et pour l\u2019Afrique. Comme espace humain &hellip; <\/p>\n<p class=\"link-more\"><a href=\"https:\/\/know4africa.org\/index.php\/a-propos-de\/\" class=\"more-link\">Continuer la lecture<span class=\"screen-reader-text\"> de &laquo;&nbsp;\u00c0 propos de&nbsp;&raquo;<\/span><\/a><\/p>\n","protected":false},"author":1,"featured_media":60,"parent":0,"menu_order":0,"comment_status":"closed","ping_status":"closed","template":"","meta":[],"_links":{"self":[{"href":"https:\/\/know4africa.org\/index.php\/wp-json\/wp\/v2\/pages\/8"}],"collection":[{"href":"https:\/\/know4africa.org\/index.php\/wp-json\/wp\/v2\/pages"}],"about":[{"href":"https:\/\/know4africa.org\/index.php\/wp-json\/wp\/v2\/types\/page"}],"author":[{"embeddable":true,"href":"https:\/\/know4africa.org\/index.php\/wp-json\/wp\/v2\/users\/1"}],"replies":[{"embeddable":true,"href":"https:\/\/know4africa.org\/index.php\/wp-json\/wp\/v2\/comments?post=8"}],"version-history":[{"count":9,"href":"https:\/\/know4africa.org\/index.php\/wp-json\/wp\/v2\/pages\/8\/revisions"}],"predecessor-version":[{"id":164,"href":"https:\/\/know4africa.org\/index.php\/wp-json\/wp\/v2\/pages\/8\/revisions\/164"}],"wp:featuredmedia":[{"embeddable":true,"href":"https:\/\/know4africa.org\/index.php\/wp-json\/wp\/v2\/media\/60"}],"wp:attachment":[{"href":"https:\/\/know4africa.org\/index.php\/wp-json\/wp\/v2\/media?parent=8"}],"curies":[{"name":"wp","href":"https:\/\/api.w.org\/{rel}","templated":true}]}}